{"id":185,"date":"2021-06-20T21:48:53","date_gmt":"2021-06-20T21:48:53","guid":{"rendered":"https:\/\/www.pernicky.cz\/?page_id=185"},"modified":"2021-06-22T13:48:46","modified_gmt":"2021-06-22T13:48:46","slug":"kontakt","status":"publish","type":"page","link":"https:\/\/www.pernicky.cz\/index.php\/kontakt\/","title":{"rendered":"Kontakt"},"content":{"rendered":"\n<p>Jitka Klinsk\u00e1<br>Havlenova 839<br>286 01 \u010c\u00e1slav<br>I\u010cO: 64161561<br>Tel: +420 737 375 086<br>Email: jklinska@seznam.cz<br>https:\/\/www.facebook.com\/profile.php?id=100008523241663<\/p>\n","protected":false},"excerpt":{"rendered":"<p>Jitka Klinsk\u00e1Havlenova 839286 01 \u010c\u00e1slavI\u010cO: 64161561Tel: +420 737 375 086Email: jklinska@seznam.czhttps:\/\/www.facebook.com\/profile.php?id=100008523241663<\/p>\n","protected":false},"author":1,"featured_media":0,"parent":0,"menu_order":0,"comment_status":"closed","ping_status":"closed","template":"","meta":[],"_links":{"self":[{"href":"https:\/\/www.pernicky.cz\/index.php\/wp-json\/wp\/v2\/pages\/185"}],"collection":[{"href":"https:\/\/www.pernicky.cz\/index.php\/wp-json\/wp\/v2\/pages"}],"about":[{"href":"https:\/\/www.pernicky.cz\/index.php\/wp-json\/wp\/v2\/types\/page"}],"author":[{"embeddable":true,"href":"https:\/\/www.pernicky.cz\/index.php\/wp-json\/wp\/v2\/users\/1"}],"replies":[{"embeddable":true,"href":"https:\/\/www.pernicky.cz\/index.php\/wp-json\/wp\/v2\/comments?post=185"}],"version-history":[{"count":5,"href":"https:\/\/www.pernicky.cz\/index.php\/wp-json\/wp\/v2\/pages\/185\/revisions"}],"predecessor-version":[{"id":208,"href":"https:\/\/www.pernicky.cz\/index.php\/wp-json\/wp\/v2\/pages\/185\/revisions\/208"}],"wp:attachment":[{"href":"https:\/\/www.pernicky.cz\/index.php\/wp-json\/wp\/v2\/media?parent=185"}],"curies":[{"name":"wp","href":"https:\/\/api.w.org\/{rel}","templated":true}]}}