{"id":40,"date":"2021-02-14T15:03:20","date_gmt":"2021-02-14T15:03:20","guid":{"rendered":"http:\/\/www.pernicky.cz\/?page_id=40"},"modified":"2021-05-09T10:06:16","modified_gmt":"2021-05-09T10:06:16","slug":"srdce","status":"publish","type":"page","link":"https:\/\/www.pernicky.cz\/index.php\/srdce\/","title":{"rendered":"Srdce"},"content":{"rendered":"\n<p>Pern\u00edkov\u00e1 srdce a srd\u00ed\u010dka r\u016fzn\u00fdch velikost\u00ed, je mo\u017en\u00e9 nazdobit dle p\u0159\u00e1n\u00ed.<\/p>\n\n\n\n<div class=\"is-layout-flex wp-container-4 wp-block-columns\">\n<div class=\"is-layout-flow wp-block-column\" style=\"flex-basis:100%\">\n<figure class=\"is-layout-flex wp-block-gallery-1 wp-block-gallery columns-3 is-cropped\"><ul class=\"blocks-gallery-grid\"><li class=\"blocks-gallery-item\"><figure><img decoding=\"async\" loading=\"lazy\" width=\"1024\" height=\"768\" src=\"https:\/\/www.pernicky.cz\/wp-content\/uploads\/2021\/05\/srdce-3-1024x768.jpg\" alt=\"\" data-id=\"130\" data-full-url=\"https:\/\/www.pernicky.cz\/wp-content\/uploads\/2021\/05\/srdce-3-scaled.jpg\" data-link=\"https:\/\/www.pernicky.cz\/index.php\/srdce\/olympus-digital-camera-19\/\" class=\"wp-image-130\" srcset=\"https:\/\/www.pernicky.cz\/wp-content\/uploads\/2021\/05\/srdce-3-1024x768.jpg 1024w, https:\/\/www.pernicky.cz\/wp-content\/uploads\/2021\/05\/srdce-3-300x225.jpg 300w, https:\/\/www.pernicky.cz\/wp-content\/uploads\/2021\/05\/srdce-3-768x576.jpg 768w, https:\/\/www.pernicky.cz\/wp-content\/uploads\/2021\/05\/srdce-3-1536x1152.jpg 1536w, https:\/\/www.pernicky.cz\/wp-content\/uploads\/2021\/05\/srdce-3-2048x1536.jpg 2048w\" sizes=\"(max-width: 1024px) 100vw, 1024px\" \/><\/figure><\/li><li class=\"blocks-gallery-item\"><figure><img decoding=\"async\" loading=\"lazy\" width=\"1024\" height=\"768\" src=\"https:\/\/www.pernicky.cz\/wp-content\/uploads\/2021\/05\/srdce-1024x768.jpg\" alt=\"\" data-id=\"131\" data-full-url=\"https:\/\/www.pernicky.cz\/wp-content\/uploads\/2021\/05\/srdce-scaled.jpg\" data-link=\"https:\/\/www.pernicky.cz\/index.php\/srdce\/olympus-digital-camera-20\/\" class=\"wp-image-131\" srcset=\"https:\/\/www.pernicky.cz\/wp-content\/uploads\/2021\/05\/srdce-1024x768.jpg 1024w, https:\/\/www.pernicky.cz\/wp-content\/uploads\/2021\/05\/srdce-300x225.jpg 300w, https:\/\/www.pernicky.cz\/wp-content\/uploads\/2021\/05\/srdce-768x576.jpg 768w, https:\/\/www.pernicky.cz\/wp-content\/uploads\/2021\/05\/srdce-1536x1152.jpg 1536w, https:\/\/www.pernicky.cz\/wp-content\/uploads\/2021\/05\/srdce-2048x1536.jpg 2048w\" sizes=\"(max-width: 1024px) 100vw, 1024px\" \/><\/figure><\/li><li class=\"blocks-gallery-item\"><figure><img decoding=\"async\" loading=\"lazy\" width=\"1024\" height=\"768\" src=\"https:\/\/www.pernicky.cz\/wp-content\/uploads\/2021\/05\/srdce2-1024x768.jpg\" alt=\"\" data-id=\"132\" data-full-url=\"https:\/\/www.pernicky.cz\/wp-content\/uploads\/2021\/05\/srdce2-scaled.jpg\" data-link=\"https:\/\/www.pernicky.cz\/index.php\/srdce\/olympus-digital-camera-21\/\" class=\"wp-image-132\" srcset=\"https:\/\/www.pernicky.cz\/wp-content\/uploads\/2021\/05\/srdce2-1024x768.jpg 1024w, https:\/\/www.pernicky.cz\/wp-content\/uploads\/2021\/05\/srdce2-300x225.jpg 300w, https:\/\/www.pernicky.cz\/wp-content\/uploads\/2021\/05\/srdce2-768x576.jpg 768w, https:\/\/www.pernicky.cz\/wp-content\/uploads\/2021\/05\/srdce2-1536x1152.jpg 1536w, https:\/\/www.pernicky.cz\/wp-content\/uploads\/2021\/05\/srdce2-2048x1536.jpg 2048w\" sizes=\"(max-width: 1024px) 100vw, 1024px\" \/><\/figure><\/li><\/ul><\/figure>\n<\/div>\n<\/div>\n\n\n\n<p class=\"has-text-align-center\"><\/p>\n","protected":false},"excerpt":{"rendered":"<p>Pern\u00edkov\u00e1 srdce a srd\u00ed\u010dka r\u016fzn\u00fdch velikost\u00ed, je mo\u017en\u00e9 nazdobit dle p\u0159\u00e1n\u00ed.<\/p>\n","protected":false},"author":1,"featured_media":0,"parent":0,"menu_order":0,"comment_status":"closed","ping_status":"closed","template":"","meta":[],"_links":{"self":[{"href":"https:\/\/www.pernicky.cz\/index.php\/wp-json\/wp\/v2\/pages\/40"}],"collection":[{"href":"https:\/\/www.pernicky.cz\/index.php\/wp-json\/wp\/v2\/pages"}],"about":[{"href":"https:\/\/www.pernicky.cz\/index.php\/wp-json\/wp\/v2\/types\/page"}],"author":[{"embeddable":true,"href":"https:\/\/www.pernicky.cz\/index.php\/wp-json\/wp\/v2\/users\/1"}],"replies":[{"embeddable":true,"href":"https:\/\/www.pernicky.cz\/index.php\/wp-json\/wp\/v2\/comments?post=40"}],"version-history":[{"count":7,"href":"https:\/\/www.pernicky.cz\/index.php\/wp-json\/wp\/v2\/pages\/40\/revisions"}],"predecessor-version":[{"id":133,"href":"https:\/\/www.pernicky.cz\/index.php\/wp-json\/wp\/v2\/pages\/40\/revisions\/133"}],"wp:attachment":[{"href":"https:\/\/www.pernicky.cz\/index.php\/wp-json\/wp\/v2\/media?parent=40"}],"curies":[{"name":"wp","href":"https:\/\/api.w.org\/{rel}","templated":true}]}}