{"id":56,"date":"2021-03-27T08:40:31","date_gmt":"2021-03-27T08:40:31","guid":{"rendered":"https:\/\/www.pernicky.cz\/?page_id=56"},"modified":"2021-03-27T08:40:31","modified_gmt":"2021-03-27T08:40:31","slug":"kalendar-akci","status":"publish","type":"page","link":"https:\/\/www.pernicky.cz\/index.php\/kalendar-akci\/","title":{"rendered":"Kalend\u00e1\u0159 akc\u00ed"},"content":{"rendered":"","protected":false},"excerpt":{"rendered":"","protected":false},"author":1,"featured_media":0,"parent":0,"menu_order":0,"comment_status":"closed","ping_status":"closed","template":"","meta":[],"_links":{"self":[{"href":"https:\/\/www.pernicky.cz\/index.php\/wp-json\/wp\/v2\/pages\/56"}],"collection":[{"href":"https:\/\/www.pernicky.cz\/index.php\/wp-json\/wp\/v2\/pages"}],"about":[{"href":"https:\/\/www.pernicky.cz\/index.php\/wp-json\/wp\/v2\/types\/page"}],"author":[{"embeddable":true,"href":"https:\/\/www.pernicky.cz\/index.php\/wp-json\/wp\/v2\/users\/1"}],"replies":[{"embeddable":true,"href":"https:\/\/www.pernicky.cz\/index.php\/wp-json\/wp\/v2\/comments?post=56"}],"version-history":[{"count":1,"href":"https:\/\/www.pernicky.cz\/index.php\/wp-json\/wp\/v2\/pages\/56\/revisions"}],"predecessor-version":[{"id":60,"href":"https:\/\/www.pernicky.cz\/index.php\/wp-json\/wp\/v2\/pages\/56\/revisions\/60"}],"wp:attachment":[{"href":"https:\/\/www.pernicky.cz\/index.php\/wp-json\/wp\/v2\/media?parent=56"}],"curies":[{"name":"wp","href":"https:\/\/api.w.org\/{rel}","templated":true}]}}