{"id":71,"date":"2021-03-27T09:05:44","date_gmt":"2021-03-27T09:05:44","guid":{"rendered":"https:\/\/www.pernicky.cz\/?page_id=71"},"modified":"2021-06-21T08:39:07","modified_gmt":"2021-06-21T08:39:07","slug":"uvod-2","status":"publish","type":"page","link":"https:\/\/www.pernicky.cz\/","title":{"rendered":"\u00davod"},"content":{"rendered":"\n<p>V\u00edt\u00e1m V\u00e1s na internetov\u00fdch str\u00e1nk\u00e1ch pernicky.cz. Jmenuji se Jitka Klinsk\u00e1 a poch\u00e1z\u00edm z \u010c\u00e1slavi. Zab\u00fdv\u00e1m se v\u00fdrobou a prodejem dekora\u010dn\u00edch pern\u00ed\u010dk\u016f k r\u016fzn\u00fdm p\u0159\u00edle\u017eitostem a sv\u00e1tk\u016fm. Nab\u00edzen\u00e9 pern\u00ed\u010dky jsou klasifikov\u00e1ny jako dekorativn\u00ed produkty, av\u0161ak vyr\u00e1b\u011bny jsou v\u00fdhradn\u011b z jedl\u00fdch surovin (p\u0161eni\u010dn\u00e1 mouka, cukr, vejce, med, rostlinn\u00fd tuk, pern\u00edkov\u00e9 ko\u0159en\u00ed, kakao, solamyl, jedn\u00e1 soda, pop\u0159. potravin\u00e1\u0159sk\u00e9 barvy v mal\u00e9m mno\u017estv\u00ed). P\u0159i jejich po\u017eit\u00ed tedy dojde maxim\u00e1ln\u011b ke zv\u00fd\u0161en\u00ed Va\u0161eho kalorick\u00e9ho p\u0159\u00edjmu.<\/p>\n\n\n\n<p>V\u0161echny pern\u00ed\u010dky vyr\u00e1b\u00edm ru\u010dn\u011b. Jejich pe\u010den\u00ed a zdoben\u00ed je \u010dasov\u011b n\u00e1ro\u010dn\u00e9, je nutn\u00e9 po\u010d\u00edtat s jejich dod\u00e1n\u00edm v \u0159\u00e1du n\u011bkolika pracovn\u00edch dn\u00ed. Z\u00e1le\u017e\u00ed na mno\u017estv\u00ed objednan\u00e9ho zbo\u017e\u00ed a n\u00e1ro\u010dnosti zdoben\u00ed. Ceny pern\u00ed\u010dk\u016f se pohybuj\u00ed od 10,- K\u010d u drobn\u00fdch jednoduch\u00fdch tvar\u016f v\u00fd\u0161e. Z\u00e1vis\u00ed to na jejich velikosti a pracnosti (n\u00e1ro\u010dnost zdoben\u00ed, v\u00edced\u00edln\u00e9 tvary).<\/p>\n\n\n\n<p>Pern\u00ed\u010dky je mo\u017en\u00e9 vyzvednout osobn\u011b na adrese Havlenova 839 \u010c\u00e1slav, nejl\u00e9pe po p\u0159edchoz\u00ed telefonick\u00e9 domluv\u011b, pop\u0159\u00edpad\u011b v pracovn\u00ed dny tak\u00e9 v Kutn\u00e9 Ho\u0159e.<\/p>\n\n\n\n<p>Svoje pern\u00ed\u010dky ob\u010das prod\u00e1v\u00e1m u i na nejr\u016fzn\u011bj\u0161\u00edch kulturn\u00edch akc\u00edch na Kutnohorsku a Kol\u00ednsku, jako je nap\u0159. Kol\u00ednsk\u00e1 \u0159epa\u0159sk\u00e1 dr\u00e1\u017eka. P\u0159\u00edpadnou \u00fa\u010dast na akci najdete ve slo\u017ece akce.<\/p>\n\n\n\n<p>D\u011bkuji, \u017ee jste zav\u00edtali na m\u00e9 str\u00e1nky a douf\u00e1m, \u017ee se budete r\u00e1di vracet. Jestli V\u00e1s moje pern\u00ed\u010dky zaujaly, napi\u0161te mi.<\/p>\n","protected":false},"excerpt":{"rendered":"<p>V\u00edt\u00e1m V\u00e1s na internetov\u00fdch str\u00e1nk\u00e1ch pernicky.cz. Jmenuji se Jitka Klinsk\u00e1 a poch\u00e1z\u00edm z \u010c\u00e1slavi. Zab\u00fdv\u00e1m se v\u00fdrobou a prodejem dekora\u010dn\u00edch pern\u00ed\u010dk\u016f k r\u016fzn\u00fdm p\u0159\u00edle\u017eitostem a sv\u00e1tk\u016fm. Nab\u00edzen\u00e9 pern\u00ed\u010dky jsou klasifikov\u00e1ny jako dekorativn\u00ed produkty, av\u0161ak vyr\u00e1b\u011bny jsou v\u00fdhradn\u011b z jedl\u00fdch surovin (p\u0161eni\u010dn\u00e1 mouka, cukr, vejce, med, rostlinn\u00fd tuk, pern\u00edkov\u00e9 ko\u0159en\u00ed, kakao, &hellip; <\/p>\n","protected":false},"author":1,"featured_media":0,"parent":0,"menu_order":0,"comment_status":"closed","ping_status":"closed","template":"","meta":[],"_links":{"self":[{"href":"https:\/\/www.pernicky.cz\/index.php\/wp-json\/wp\/v2\/pages\/71"}],"collection":[{"href":"https:\/\/www.pernicky.cz\/index.php\/wp-json\/wp\/v2\/pages"}],"about":[{"href":"https:\/\/www.pernicky.cz\/index.php\/wp-json\/wp\/v2\/types\/page"}],"author":[{"embeddable":true,"href":"https:\/\/www.pernicky.cz\/index.php\/wp-json\/wp\/v2\/users\/1"}],"replies":[{"embeddable":true,"href":"https:\/\/www.pernicky.cz\/index.php\/wp-json\/wp\/v2\/comments?post=71"}],"version-history":[{"count":3,"href":"https:\/\/www.pernicky.cz\/index.php\/wp-json\/wp\/v2\/pages\/71\/revisions"}],"predecessor-version":[{"id":151,"href":"https:\/\/www.pernicky.cz\/index.php\/wp-json\/wp\/v2\/pages\/71\/revisions\/151"}],"wp:attachment":[{"href":"https:\/\/www.pernicky.cz\/index.php\/wp-json\/wp\/v2\/media?parent=71"}],"curies":[{"name":"wp","href":"https:\/\/api.w.org\/{rel}","templated":true}]}}